{"id":2470,"date":"2023-12-18T10:08:48","date_gmt":"2023-12-18T10:08:48","guid":{"rendered":"https:\/\/cms.googlycode.com\/wp14\/?page_id=366"},"modified":"2026-03-05T14:47:23","modified_gmt":"2026-03-05T14:47:23","slug":"contact","status":"publish","type":"page","link":"https:\/\/domainerocdegachonne.fr\/en\/contact","title":{"rendered":"Contact"},"content":{"rendered":"\t\t<div data-elementor-type=\"wp-page\" data-elementor-id=\"2470\" class=\"elementor elementor-2470\" data-elementor-post-type=\"page\">\n\t\t\t\t\t\t<section class=\"elementor-section elementor-top-section elementor-element elementor-element-55f0194 elementor-section-content-middle animated-slow elementor-section-boxed elementor-section-height-default elementor-section-height-default elementor-invisible\" data-id=\"55f0194\" data-element_type=\"section\" data-e-type=\"section\" data-settings=\"{&quot;animation&quot;:&quot;fadeIn&quot;}\">\n\t\t\t\t\t\t<div class=\"elementor-container elementor-column-gap-default\">\n\t\t\t\t\t<div class=\"elementor-column elementor-col-100 elementor-top-column elementor-element elementor-element-477a5b4\" data-id=\"477a5b4\" data-element_type=\"column\" data-e-type=\"column\">\n\t\t\t<div class=\"elementor-widget-wrap elementor-element-populated\">\n\t\t\t\t\t\t<div class=\"elementor-element elementor-element-660f3ce elementor-widget elementor-widget-heading\" data-id=\"660f3ce\" data-element_type=\"widget\" data-e-type=\"widget\" data-widget_type=\"heading.default\">\n\t\t\t\t<div class=\"elementor-widget-container\">\n\t\t\t\t\t<h4 class=\"elementor-heading-title elementor-size-default\">Adresse et contact<\/h4>\t\t\t\t<\/div>\n\t\t\t\t<\/div>\n\t\t\t\t<div class=\"elementor-element elementor-element-a373ed0 elementor-widget elementor-widget-heading\" data-id=\"a373ed0\" data-element_type=\"widget\" data-e-type=\"widget\" data-widget_type=\"heading.default\">\n\t\t\t\t<div class=\"elementor-widget-container\">\n\t\t\t\t\t<h2 class=\"elementor-heading-title elementor-size-default\">Obtenir des informations<\/h2>\t\t\t\t<\/div>\n\t\t\t\t<\/div>\n\t\t\t\t<section class=\"elementor-section elementor-inner-section elementor-element elementor-element-b5e8d99 elementor-section-boxed elementor-section-height-default elementor-section-height-default\" data-id=\"b5e8d99\" data-element_type=\"section\" data-e-type=\"section\">\n\t\t\t\t\t\t<div class=\"elementor-container elementor-column-gap-default\">\n\t\t\t\t\t<div class=\"elementor-column elementor-col-33 elementor-inner-column elementor-element elementor-element-1e230d1\" data-id=\"1e230d1\" data-element_type=\"column\" data-e-type=\"column\">\n\t\t\t<div class=\"elementor-widget-wrap elementor-element-populated\">\n\t\t\t\t\t\t<div class=\"elementor-element elementor-element-7796165 elementor-widget elementor-widget-heading\" data-id=\"7796165\" data-element_type=\"widget\" data-e-type=\"widget\" data-widget_type=\"heading.default\">\n\t\t\t\t<div class=\"elementor-widget-container\">\n\t\t\t\t\t<h3 class=\"elementor-heading-title elementor-size-default\">Adresse<\/h3>\t\t\t\t<\/div>\n\t\t\t\t<\/div>\n\t\t\t\t<div class=\"elementor-element elementor-element-8acaf8f elementor-widget elementor-widget-text-editor\" data-id=\"8acaf8f\" data-element_type=\"widget\" data-e-type=\"widget\" data-widget_type=\"text-editor.default\">\n\t\t\t\t<div class=\"elementor-widget-container\">\n\t\t\t\t\t\t\t\t\t<p>901 Rte de Saint-Come<\/p><p>30420 Calvisson<\/p><p>France<\/p>\t\t\t\t\t\t\t\t<\/div>\n\t\t\t\t<\/div>\n\t\t\t\t\t<\/div>\n\t\t<\/div>\n\t\t\t\t<div class=\"elementor-column elementor-col-33 elementor-inner-column elementor-element elementor-element-3130075\" data-id=\"3130075\" data-element_type=\"column\" data-e-type=\"column\">\n\t\t\t<div class=\"elementor-widget-wrap elementor-element-populated\">\n\t\t\t\t\t\t<div class=\"elementor-element elementor-element-1b0d687 elementor-widget elementor-widget-heading\" data-id=\"1b0d687\" data-element_type=\"widget\" data-e-type=\"widget\" data-widget_type=\"heading.default\">\n\t\t\t\t<div class=\"elementor-widget-container\">\n\t\t\t\t\t<h3 class=\"elementor-heading-title elementor-size-default\">Contact<\/h3>\t\t\t\t<\/div>\n\t\t\t\t<\/div>\n\t\t\t\t<div class=\"elementor-element elementor-element-8bfe9d4 elementor-widget__width-initial elementor-widget elementor-widget-text-editor\" data-id=\"8bfe9d4\" data-element_type=\"widget\" data-e-type=\"widget\" data-widget_type=\"text-editor.default\">\n\t\t\t\t<div class=\"elementor-widget-container\">\n\t\t\t\t\t\t\t\t\t<p>Tel : +33 6 74 45 79 70<br \/>contact@domainerocdegachonne.fr<\/p>\t\t\t\t\t\t\t\t<\/div>\n\t\t\t\t<\/div>\n\t\t\t\t\t<\/div>\n\t\t<\/div>\n\t\t\t\t<div class=\"elementor-column elementor-col-33 elementor-inner-column elementor-element elementor-element-b00dbc2\" data-id=\"b00dbc2\" data-element_type=\"column\" data-e-type=\"column\">\n\t\t\t<div class=\"elementor-widget-wrap elementor-element-populated\">\n\t\t\t\t\t\t<div class=\"elementor-element elementor-element-fb6b227 elementor-widget__width-initial elementor-widget elementor-widget-heading\" data-id=\"fb6b227\" data-element_type=\"widget\" data-e-type=\"widget\" data-widget_type=\"heading.default\">\n\t\t\t\t<div class=\"elementor-widget-container\">\n\t\t\t\t\t<h3 class=\"elementor-heading-title elementor-size-default\">Ouverture<\/h3>\t\t\t\t<\/div>\n\t\t\t\t<\/div>\n\t\t\t\t<div class=\"elementor-element elementor-element-faac0d6 elementor-widget elementor-widget-text-editor\" data-id=\"faac0d6\" data-element_type=\"widget\" data-e-type=\"widget\" data-widget_type=\"text-editor.default\">\n\t\t\t\t<div class=\"elementor-widget-container\">\n\t\t\t\t\t\t\t\t\t<p class=\"\" data-start=\"353\" data-end=\"426\">\ud83d\udcc5 Hors saison (octobre \u00e0 mai)<br data-start=\"387\" data-end=\"390\" \/>\ud83d\udd53 Lundi au samedi : 16h\u201319h<\/p><p class=\"\" data-start=\"428\" data-end=\"551\">\u2600\ufe0f P\u00e9riode estivale (juin \u00e0 septembre)<br data-start=\"470\" data-end=\"473\" \/>\ud83d\udd58 Lundi au vendredi : 10h\u2013 12h &amp; 16h\u201319h<br data-start=\"521\" data-end=\"524\" \/>\ud83d\udd58 Samedi : 10h\u201312h<\/p>\t\t\t\t\t\t\t\t<\/div>\n\t\t\t\t<\/div>\n\t\t\t\t\t<\/div>\n\t\t<\/div>\n\t\t\t\t\t<\/div>\n\t\t<\/section>\n\t\t\t\t\t<\/div>\n\t\t<\/div>\n\t\t\t\t\t<\/div>\n\t\t<\/section>\n\t\t<div class=\"elementor-element elementor-element-653ba9d e-flex e-con-boxed e-con e-parent\" data-id=\"653ba9d\" data-element_type=\"container\" data-e-type=\"container\">\n\t\t\t\t\t<div class=\"e-con-inner\">\n\t\t\t\t<div class=\"elementor-element elementor-element-704c109 elementor-align-center elementor-button-success elementor-widget elementor-widget-button\" data-id=\"704c109\" data-element_type=\"widget\" data-e-type=\"widget\" data-widget_type=\"button.default\">\n\t\t\t\t<div class=\"elementor-widget-container\">\n\t\t\t\t\t\t\t\t\t<div class=\"elementor-button-wrapper\">\n\t\t\t\t\t<a class=\"elementor-button elementor-button-link elementor-size-sm\" href=\"https:\/\/domainerocdegachonne.fr\/wp-content\/uploads\/2026\/03\/BON-DE-COMMANDE-Site-Internet.pdf\">\n\t\t\t\t\t\t<span class=\"elementor-button-content-wrapper\">\n\t\t\t\t\t\t\t\t\t<span class=\"elementor-button-text\">Bon de commande<\/span>\n\t\t\t\t\t<\/span>\n\t\t\t\t\t<\/a>\n\t\t\t\t<\/div>\n\t\t\t\t\t\t\t\t<\/div>\n\t\t\t\t<\/div>\n\t\t\t\t\t<\/div>\n\t\t\t\t<\/div>\n\t\t\t\t<section class=\"elementor-section elementor-top-section elementor-element elementor-element-02c1e09 elementor-section-height-min-height elementor-section-stretched elementor-section-boxed elementor-section-height-default elementor-section-items-middle\" data-id=\"02c1e09\" data-element_type=\"section\" data-e-type=\"section\" data-settings=\"{&quot;stretch_section&quot;:&quot;section-stretched&quot;,&quot;background_background&quot;:&quot;classic&quot;}\">\n\t\t\t\t\t\t<div class=\"elementor-container elementor-column-gap-default\">\n\t\t\t\t\t<div class=\"elementor-column elementor-col-100 elementor-top-column elementor-element elementor-element-92841d5\" data-id=\"92841d5\" data-element_type=\"column\" data-e-type=\"column\">\n\t\t\t<div class=\"elementor-widget-wrap\">\n\t\t\t\t\t\t\t<\/div>\n\t\t<\/div>\n\t\t\t\t\t<\/div>\n\t\t<\/section>\n\t\t\t\t<section class=\"elementor-section elementor-top-section elementor-element elementor-element-1bc609f elementor-section-content-middle animated-slow elementor-section-boxed elementor-section-height-default elementor-section-height-default elementor-invisible\" data-id=\"1bc609f\" data-element_type=\"section\" data-e-type=\"section\" data-settings=\"{&quot;animation&quot;:&quot;fadeIn&quot;}\">\n\t\t\t\t\t\t<div class=\"elementor-container elementor-column-gap-default\">\n\t\t\t\t\t<div class=\"elementor-column elementor-col-100 elementor-top-column elementor-element elementor-element-51b3de6\" data-id=\"51b3de6\" data-element_type=\"column\" data-e-type=\"column\">\n\t\t\t<div class=\"elementor-widget-wrap elementor-element-populated\">\n\t\t\t\t\t\t<div class=\"elementor-element elementor-element-02ccd09 elementor-widget elementor-widget-heading\" data-id=\"02ccd09\" data-element_type=\"widget\" data-e-type=\"widget\" data-widget_type=\"heading.default\">\n\t\t\t\t<div class=\"elementor-widget-container\">\n\t\t\t\t\t<h4 class=\"elementor-heading-title elementor-size-default\">NOUS CONTACTEZ<\/h4>\t\t\t\t<\/div>\n\t\t\t\t<\/div>\n\t\t\t\t<div class=\"elementor-element elementor-element-906cfd8 elementor-widget elementor-widget-heading\" data-id=\"906cfd8\" data-element_type=\"widget\" data-e-type=\"widget\" data-widget_type=\"heading.default\">\n\t\t\t\t<div class=\"elementor-widget-container\">\n\t\t\t\t\t<h2 class=\"elementor-heading-title elementor-size-default\">dEMANDE INFORMATIONS\/DEVIS<\/h2>\t\t\t\t<\/div>\n\t\t\t\t<\/div>\n\t\t\t\t<div class=\"elementor-element elementor-element-a1758fa elementor-widget elementor-widget-wpforms\" data-id=\"a1758fa\" data-element_type=\"widget\" data-e-type=\"widget\" data-widget_type=\"wpforms.default\">\n\t\t\t\t<div class=\"elementor-widget-container\">\n\t\t\t\t\t<div class=\"wpforms-container wpforms-container-full wpforms-render-modern\" id=\"wpforms-3159\"><form id=\"wpforms-form-3159\" class=\"wpforms-validate wpforms-form wpforms-ajax-form\" data-formid=\"3159\" method=\"post\" enctype=\"multipart\/form-data\" action=\"\/en\/wp-json\/wp\/v2\/pages\/2470\" data-token=\"c665499913b55e18e3a28fbe7441fab1\" data-token-time=\"1777985305\"><noscript class=\"wpforms-error-noscript\">Please enable JavaScript in your browser to complete this form.<\/noscript><div id=\"wpforms-error-noscript\" style=\"display: none;\">Please enable JavaScript in your browser to complete this form.<\/div><div class=\"wpforms-field-container\"><div id=\"wpforms-3159-field_2-container\" class=\"wpforms-field wpforms-field-text wpforms-one-half wpforms-first\" data-field-id=\"2\"><label class=\"wpforms-field-label\" for=\"wpforms-3159-field_2\">Pr\u00e9nom <span class=\"wpforms-required-label\" aria-hidden=\"true\">*<\/span><\/label><input type=\"text\" id=\"wpforms-3159-field_2\" class=\"wpforms-field-large wpforms-field-required\" name=\"wpforms[fields][2]\" placeholder=\"Votre pr\u00e9nom...\" aria-errormessage=\"wpforms-3159-field_2-error\" required><\/div>\t\t<div id=\"wpforms-3159-field_1-container\"\n\t\t\tclass=\"wpforms-field wpforms-field-text\"\n\t\t\tdata-field-type=\"text\"\n\t\t\tdata-field-id=\"1\"\n\t\t\t>\n\t\t\t<label class=\"wpforms-field-label\" for=\"wpforms-3159-field_1\" >Message Nom Pr\u00e9nom<\/label>\n\t\t\t<input type=\"text\" id=\"wpforms-3159-field_1\" class=\"wpforms-field-medium\" name=\"wpforms[fields][1]\" >\n\t\t<\/div>\n\t\t<div id=\"wpforms-3159-field_3-container\" class=\"wpforms-field wpforms-field-text wpforms-one-half\" data-field-id=\"3\"><label class=\"wpforms-field-label\" for=\"wpforms-3159-field_3\">Nom <span class=\"wpforms-required-label\" aria-hidden=\"true\">*<\/span><\/label><input type=\"text\" id=\"wpforms-3159-field_3\" class=\"wpforms-field-large wpforms-field-required\" name=\"wpforms[fields][3]\" placeholder=\"Votre nom...\" aria-errormessage=\"wpforms-3159-field_3-error\" required><\/div><div id=\"wpforms-3159-field_4-container\" class=\"wpforms-field wpforms-field-email\" data-field-id=\"4\"><label class=\"wpforms-field-label\" for=\"wpforms-3159-field_4\">E-mail <span class=\"wpforms-required-label\" aria-hidden=\"true\">*<\/span><\/label><input type=\"email\" id=\"wpforms-3159-field_4\" class=\"wpforms-field-large wpforms-field-required\" name=\"wpforms[fields][4]\" spellcheck=\"false\" aria-errormessage=\"wpforms-3159-field_4-error\" required><\/div><div id=\"wpforms-3159-field_5-container\" class=\"wpforms-field wpforms-field-textarea\" data-field-id=\"5\"><label class=\"wpforms-field-label\" for=\"wpforms-3159-field_5\">Message <span class=\"wpforms-required-label\" aria-hidden=\"true\">*<\/span><\/label><textarea id=\"wpforms-3159-field_5\" class=\"wpforms-field-large wpforms-field-required\" name=\"wpforms[fields][5]\" aria-errormessage=\"wpforms-3159-field_5-error\" required><\/textarea><\/div><script>\n\t\t\t\t( function() {\n\t\t\t\t\tconst style = document.createElement( 'style' );\n\t\t\t\t\tstyle.appendChild( document.createTextNode( '#wpforms-3159-field_1-container { position: absolute !important; overflow: hidden !important; display: inline !important; height: 1px !important; width: 1px !important; z-index: -1000 !important; padding: 0 !important; } #wpforms-3159-field_1-container input { visibility: hidden; } #wpforms-conversational-form-page #wpforms-3159-field_1-container label { counter-increment: none; }' ) );\n\t\t\t\t\tdocument.head.appendChild( style );\n\t\t\t\t\tdocument.currentScript?.remove();\n\t\t\t\t} )();\n\t\t\t<\/script><\/div><!-- .wpforms-field-container --><div class=\"wpforms-recaptcha-container wpforms-is-recaptcha wpforms-is-recaptcha-type-v3\" ><input type=\"hidden\" name=\"wpforms[recaptcha]\" value=\"\"><\/div><div class=\"wpforms-submit-container\" ><input type=\"hidden\" name=\"wpforms[id]\" value=\"3159\"><input type=\"hidden\" name=\"page_title\" value=\"\"><input type=\"hidden\" name=\"page_url\" value=\"https:\/\/domainerocdegachonne.fr\/en\/wp-json\/wp\/v2\/pages\/2470\"><input type=\"hidden\" name=\"url_referer\" value=\"\"><button type=\"submit\" name=\"wpforms[submit]\" id=\"wpforms-submit-3159\" class=\"wpforms-submit\" data-alt-text=\"Envoi...\" data-submit-text=\"Envoyer\" aria-live=\"assertive\" value=\"wpforms-submit\">Envoyer<\/button><img decoding=\"async\" src=\"https:\/\/domainerocdegachonne.fr\/wp-content\/plugins\/wpforms-lite\/assets\/images\/submit-spin.svg\" class=\"wpforms-submit-spinner\" style=\"display: none;\" width=\"26\" height=\"26\" alt=\"Loading\"><\/div><\/form><\/div>  <!-- .wpforms-container -->\t\t\t\t<\/div>\n\t\t\t\t<\/div>\n\t\t\t\t\t<\/div>\n\t\t<\/div>\n\t\t\t\t\t<\/div>\n\t\t<\/section>\n\t\t<div class=\"elementor-element elementor-element-4193458 e-flex e-con-boxed e-con e-parent\" data-id=\"4193458\" data-element_type=\"container\" data-e-type=\"container\">\n\t\t\t\t\t<div class=\"e-con-inner\">\n\t\t\t\t<div class=\"elementor-element elementor-element-b0d6967 elementor-widget elementor-widget-text-editor\" data-id=\"b0d6967\" data-element_type=\"widget\" data-e-type=\"widget\" data-widget_type=\"text-editor.default\">\n\t\t\t\t<div class=\"elementor-widget-container\">\n\t\t\t\t\t\t\t\t\t<p>L&rsquo;abus d&rsquo;alcool est dangereux pour la sant\u00e9, \u00e0 consommer avec mod\u00e9ration. Interdiction de vente de boissons alcooliques aux mineurs de moins de 18 ans.<\/p><p>La consommation est d\u00e9conseill\u00e9e aux femmes enceintes.<\/p>\t\t\t\t\t\t\t\t<\/div>\n\t\t\t\t<\/div>\n\t\t\t\t<div class=\"elementor-element elementor-element-dfb4be8 elementor-widget elementor-widget-image\" data-id=\"dfb4be8\" data-element_type=\"widget\" data-e-type=\"widget\" data-widget_type=\"image.default\">\n\t\t\t\t<div class=\"elementor-widget-container\">\n\t\t\t\t\t\t\t\t\t\t\t\t\t\t\t<img fetchpriority=\"high\" decoding=\"async\" width=\"322\" height=\"183\" src=\"https:\/\/domainerocdegachonne.fr\/wp-content\/uploads\/2025\/04\/picto-interdiction.png\" class=\"attachment-large size-large wp-image-2796\" alt=\"\" srcset=\"https:\/\/domainerocdegachonne.fr\/wp-content\/uploads\/2025\/04\/picto-interdiction.png 322w, https:\/\/domainerocdegachonne.fr\/wp-content\/uploads\/2025\/04\/picto-interdiction-300x170.png 300w, https:\/\/domainerocdegachonne.fr\/wp-content\/uploads\/2025\/04\/picto-interdiction-18x10.png 18w\" sizes=\"(max-width: 322px) 100vw, 322px\" \/>\t\t\t\t\t\t\t\t\t\t\t\t\t\t\t<\/div>\n\t\t\t\t<\/div>\n\t\t\t\t\t<\/div>\n\t\t\t\t<\/div>\n\t\t\t\t<\/div>\n\t\t","protected":false},"excerpt":{"rendered":"<p>Address and contact Get information Address 901 Rte de Saint-Come 30420 Calvisson France Contact Tel: +33 6 74 45 79 70contact@domainerocdegachonne.fr Opening \ud83d\udcc5 Off season (October to May)\ud83d\udd53 Monday to Saturday: 4 p.m.\u20137 p.m. \u2600\ufe0f Summer period (June to September)\ud83d\udd58 Monday to Friday: 10 a.m.\u201312 p.m. &amp; 4 p.m.\u20137 p.m.\ud83d\udd58 Saturday: 10 a.m.\u201312 p.m. Order form\u2026<\/p>","protected":false},"author":1,"featured_media":2504,"parent":0,"menu_order":0,"comment_status":"closed","ping_status":"closed","template":"","meta":{"_kad_post_transparent":"","_kad_post_title":"default","_kad_post_layout":"default","_kad_post_sidebar_id":"","_kad_post_content_style":"unboxed","_kad_post_vertical_padding":"hide","_kad_post_feature":"default","_kad_post_feature_position":"","_kad_post_header":false,"_kad_post_footer":false,"footnotes":""},"class_list":["post-2470","page","type-page","status-publish","has-post-thumbnail","hentry"],"yoast_head":"<!-- This site is optimized with the Yoast SEO plugin v27.0 - https:\/\/yoast.com\/product\/yoast-seo-wordpress\/ -->\n<title>Contact - Domaine Roc de Gachonne<\/title>\n<meta name=\"robots\" content=\"index, follow, max-snippet:-1, max-image-preview:large, max-video-preview:-1\" \/>\n<link rel=\"canonical\" href=\"https:\/\/domainerocdegachonne.fr\/en\/contact\/\" \/>\n<meta property=\"og:locale\" content=\"en_GB\" \/>\n<meta property=\"og:type\" content=\"article\" \/>\n<meta property=\"og:title\" content=\"Contact - Domaine Roc de Gachonne\" \/>\n<meta property=\"og:description\" content=\"Adresse et contact Obtenir des informations Adresse 901 Rte de Saint-Come 30420 Calvisson France Contact Tel : +33 6 74 45 79 70contact@domainerocdegachonne.fr Ouverture \ud83d\udcc5 Hors saison (octobre \u00e0 mai)\ud83d\udd53 Lundi au samedi : 16h\u201319h \u2600\ufe0f P\u00e9riode estivale (juin \u00e0 septembre)\ud83d\udd58 Lundi au vendredi : 10h\u2013 12h &amp; 16h\u201319h\ud83d\udd58 Samedi : 10h\u201312h Bon de commande...\" \/>\n<meta property=\"og:url\" content=\"https:\/\/domainerocdegachonne.fr\/en\/contact\/\" \/>\n<meta property=\"og:site_name\" content=\"Domaine Roc de Gachonne\" \/>\n<meta property=\"article:publisher\" content=\"https:\/\/www.facebook.com\/profile.php?id=100057177832642&amp;locale=fr_FR\" \/>\n<meta property=\"article:modified_time\" content=\"2026-03-05T14:47:23+00:00\" \/>\n<meta property=\"og:image\" content=\"https:\/\/domainerocdegachonne.fr\/wp-content\/uploads\/2025\/02\/P1120427-scaled.jpg\" \/>\n\t<meta property=\"og:image:width\" content=\"2560\" \/>\n\t<meta property=\"og:image:height\" content=\"1443\" \/>\n\t<meta property=\"og:image:type\" content=\"image\/jpeg\" \/>\n<meta name=\"twitter:card\" content=\"summary_large_image\" \/>\n<meta name=\"twitter:label1\" content=\"Estimated reading time\" \/>\n\t<meta name=\"twitter:data1\" content=\"2 minutes\" \/>\n<script type=\"application\/ld+json\" class=\"yoast-schema-graph\">{\"@context\":\"https:\/\/schema.org\",\"@graph\":[{\"@type\":\"WebPage\",\"@id\":\"https:\/\/domainerocdegachonne.fr\/contact\",\"url\":\"https:\/\/domainerocdegachonne.fr\/contact\",\"name\":\"Contact - Domaine Roc de Gachonne\",\"isPartOf\":{\"@id\":\"https:\/\/domainerocdegachonne.fr\/#website\"},\"primaryImageOfPage\":{\"@id\":\"https:\/\/domainerocdegachonne.fr\/contact#primaryimage\"},\"image\":{\"@id\":\"https:\/\/domainerocdegachonne.fr\/contact#primaryimage\"},\"thumbnailUrl\":\"https:\/\/domainerocdegachonne.fr\/wp-content\/uploads\/2025\/02\/P1120427-scaled.jpg\",\"datePublished\":\"2023-12-18T10:08:48+00:00\",\"dateModified\":\"2026-03-05T14:47:23+00:00\",\"breadcrumb\":{\"@id\":\"https:\/\/domainerocdegachonne.fr\/contact#breadcrumb\"},\"inLanguage\":\"en-GB\",\"potentialAction\":[{\"@type\":\"ReadAction\",\"target\":[\"https:\/\/domainerocdegachonne.fr\/contact\"]}]},{\"@type\":\"ImageObject\",\"inLanguage\":\"en-GB\",\"@id\":\"https:\/\/domainerocdegachonne.fr\/contact#primaryimage\",\"url\":\"https:\/\/domainerocdegachonne.fr\/wp-content\/uploads\/2025\/02\/P1120427-scaled.jpg\",\"contentUrl\":\"https:\/\/domainerocdegachonne.fr\/wp-content\/uploads\/2025\/02\/P1120427-scaled.jpg\",\"width\":2560,\"height\":1443},{\"@type\":\"BreadcrumbList\",\"@id\":\"https:\/\/domainerocdegachonne.fr\/contact#breadcrumb\",\"itemListElement\":[{\"@type\":\"ListItem\",\"position\":1,\"name\":\"Accueil\",\"item\":\"https:\/\/domainerocdegachonne.fr\/\"},{\"@type\":\"ListItem\",\"position\":2,\"name\":\"Contact\"}]},{\"@type\":\"WebSite\",\"@id\":\"https:\/\/domainerocdegachonne.fr\/#website\",\"url\":\"https:\/\/domainerocdegachonne.fr\/\",\"name\":\"Domaine Roc de Gachonne\",\"description\":\"\",\"publisher\":{\"@id\":\"https:\/\/domainerocdegachonne.fr\/#organization\"},\"potentialAction\":[{\"@type\":\"SearchAction\",\"target\":{\"@type\":\"EntryPoint\",\"urlTemplate\":\"https:\/\/domainerocdegachonne.fr\/?s={search_term_string}\"},\"query-input\":{\"@type\":\"PropertyValueSpecification\",\"valueRequired\":true,\"valueName\":\"search_term_string\"}}],\"inLanguage\":\"en-GB\"},{\"@type\":\"Organization\",\"@id\":\"https:\/\/domainerocdegachonne.fr\/#organization\",\"name\":\"Domaine Roc de Gachonne\",\"url\":\"https:\/\/domainerocdegachonne.fr\/\",\"logo\":{\"@type\":\"ImageObject\",\"inLanguage\":\"en-GB\",\"@id\":\"https:\/\/domainerocdegachonne.fr\/#\/schema\/logo\/image\/\",\"url\":\"https:\/\/domainerocdegachonne.fr\/wp-content\/uploads\/2024\/10\/cropped-domaine-roc-de-gachonne-logo-1551872919.png\",\"contentUrl\":\"https:\/\/domainerocdegachonne.fr\/wp-content\/uploads\/2024\/10\/cropped-domaine-roc-de-gachonne-logo-1551872919.png\",\"width\":125,\"height\":88,\"caption\":\"Domaine Roc de Gachonne\"},\"image\":{\"@id\":\"https:\/\/domainerocdegachonne.fr\/#\/schema\/logo\/image\/\"},\"sameAs\":[\"https:\/\/www.facebook.com\/profile.php?id=100057177832642&locale=fr_FR\"]}]}<\/script>\n<!-- \/ Yoast SEO plugin. -->","yoast_head_json":{"title":"Contact - Domaine Roc de Gachonne","robots":{"index":"index","follow":"follow","max-snippet":"max-snippet:-1","max-image-preview":"max-image-preview:large","max-video-preview":"max-video-preview:-1"},"canonical":"https:\/\/domainerocdegachonne.fr\/en\/contact\/","og_locale":"en_GB","og_type":"article","og_title":"Contact - Domaine Roc de Gachonne","og_description":"Adresse et contact Obtenir des informations Adresse 901 Rte de Saint-Come 30420 Calvisson France Contact Tel : +33 6 74 45 79 70contact@domainerocdegachonne.fr Ouverture \ud83d\udcc5 Hors saison (octobre \u00e0 mai)\ud83d\udd53 Lundi au samedi : 16h\u201319h \u2600\ufe0f P\u00e9riode estivale (juin \u00e0 septembre)\ud83d\udd58 Lundi au vendredi : 10h\u2013 12h &amp; 16h\u201319h\ud83d\udd58 Samedi : 10h\u201312h Bon de commande...","og_url":"https:\/\/domainerocdegachonne.fr\/en\/contact\/","og_site_name":"Domaine Roc de Gachonne","article_publisher":"https:\/\/www.facebook.com\/profile.php?id=100057177832642&locale=fr_FR","article_modified_time":"2026-03-05T14:47:23+00:00","og_image":[{"width":2560,"height":1443,"url":"https:\/\/domainerocdegachonne.fr\/wp-content\/uploads\/2025\/02\/P1120427-scaled.jpg","type":"image\/jpeg"}],"twitter_card":"summary_large_image","twitter_misc":{"Estimated reading time":"2 minutes"},"schema":{"@context":"https:\/\/schema.org","@graph":[{"@type":"WebPage","@id":"https:\/\/domainerocdegachonne.fr\/contact","url":"https:\/\/domainerocdegachonne.fr\/contact","name":"Contact - Domaine Roc de Gachonne","isPartOf":{"@id":"https:\/\/domainerocdegachonne.fr\/#website"},"primaryImageOfPage":{"@id":"https:\/\/domainerocdegachonne.fr\/contact#primaryimage"},"image":{"@id":"https:\/\/domainerocdegachonne.fr\/contact#primaryimage"},"thumbnailUrl":"https:\/\/domainerocdegachonne.fr\/wp-content\/uploads\/2025\/02\/P1120427-scaled.jpg","datePublished":"2023-12-18T10:08:48+00:00","dateModified":"2026-03-05T14:47:23+00:00","breadcrumb":{"@id":"https:\/\/domainerocdegachonne.fr\/contact#breadcrumb"},"inLanguage":"en-GB","potentialAction":[{"@type":"ReadAction","target":["https:\/\/domainerocdegachonne.fr\/contact"]}]},{"@type":"ImageObject","inLanguage":"en-GB","@id":"https:\/\/domainerocdegachonne.fr\/contact#primaryimage","url":"https:\/\/domainerocdegachonne.fr\/wp-content\/uploads\/2025\/02\/P1120427-scaled.jpg","contentUrl":"https:\/\/domainerocdegachonne.fr\/wp-content\/uploads\/2025\/02\/P1120427-scaled.jpg","width":2560,"height":1443},{"@type":"BreadcrumbList","@id":"https:\/\/domainerocdegachonne.fr\/contact#breadcrumb","itemListElement":[{"@type":"ListItem","position":1,"name":"Accueil","item":"https:\/\/domainerocdegachonne.fr\/"},{"@type":"ListItem","position":2,"name":"Contact"}]},{"@type":"WebSite","@id":"https:\/\/domainerocdegachonne.fr\/#website","url":"https:\/\/domainerocdegachonne.fr\/","name":"Domaine Roc de Gachonne","description":"","publisher":{"@id":"https:\/\/domainerocdegachonne.fr\/#organization"},"potentialAction":[{"@type":"SearchAction","target":{"@type":"EntryPoint","urlTemplate":"https:\/\/domainerocdegachonne.fr\/?s={search_term_string}"},"query-input":{"@type":"PropertyValueSpecification","valueRequired":true,"valueName":"search_term_string"}}],"inLanguage":"en-GB"},{"@type":"Organization","@id":"https:\/\/domainerocdegachonne.fr\/#organization","name":"Domaine Roc de Gachonne","url":"https:\/\/domainerocdegachonne.fr\/","logo":{"@type":"ImageObject","inLanguage":"en-GB","@id":"https:\/\/domainerocdegachonne.fr\/#\/schema\/logo\/image\/","url":"https:\/\/domainerocdegachonne.fr\/wp-content\/uploads\/2024\/10\/cropped-domaine-roc-de-gachonne-logo-1551872919.png","contentUrl":"https:\/\/domainerocdegachonne.fr\/wp-content\/uploads\/2024\/10\/cropped-domaine-roc-de-gachonne-logo-1551872919.png","width":125,"height":88,"caption":"Domaine Roc de Gachonne"},"image":{"@id":"https:\/\/domainerocdegachonne.fr\/#\/schema\/logo\/image\/"},"sameAs":["https:\/\/www.facebook.com\/profile.php?id=100057177832642&locale=fr_FR"]}]}},"_links":{"self":[{"href":"https:\/\/domainerocdegachonne.fr\/en\/wp-json\/wp\/v2\/pages\/2470","targetHints":{"allow":["GET"]}}],"collection":[{"href":"https:\/\/domainerocdegachonne.fr\/en\/wp-json\/wp\/v2\/pages"}],"about":[{"href":"https:\/\/domainerocdegachonne.fr\/en\/wp-json\/wp\/v2\/types\/page"}],"author":[{"embeddable":true,"href":"https:\/\/domainerocdegachonne.fr\/en\/wp-json\/wp\/v2\/users\/1"}],"replies":[{"embeddable":true,"href":"https:\/\/domainerocdegachonne.fr\/en\/wp-json\/wp\/v2\/comments?post=2470"}],"version-history":[{"count":54,"href":"https:\/\/domainerocdegachonne.fr\/en\/wp-json\/wp\/v2\/pages\/2470\/revisions"}],"predecessor-version":[{"id":3255,"href":"https:\/\/domainerocdegachonne.fr\/en\/wp-json\/wp\/v2\/pages\/2470\/revisions\/3255"}],"wp:featuredmedia":[{"embeddable":true,"href":"https:\/\/domainerocdegachonne.fr\/en\/wp-json\/wp\/v2\/media\/2504"}],"wp:attachment":[{"href":"https:\/\/domainerocdegachonne.fr\/en\/wp-json\/wp\/v2\/media?parent=2470"}],"curies":[{"name":"wp","href":"https:\/\/api.w.org\/{rel}","templated":true}]}}